{"id":9118,"date":"2025-06-18T21:14:29","date_gmt":"2025-06-18T21:14:29","guid":{"rendered":"https:\/\/sobba.pt\/politica-de-privacidade\/"},"modified":"2025-06-18T21:14:29","modified_gmt":"2025-06-18T21:14:29","slug":"politica-de-privacidade","status":"publish","type":"page","link":"https:\/\/sobba.pt\/pt-pt\/politica-de-privacidade\/","title":{"rendered":"Pol\u00edtica de Privacidade"},"content":{"rendered":"<div class=\"fusion-fullwidth fullwidth-box fusion-builder-row-1 fusion-flex-container nonhundred-percent-fullwidth non-hundred-percent-height-scrolling\" style=\"--awb-border-radius-top-left:0px;--awb-border-radius-top-right:0px;--awb-border-radius-bottom-right:0px;--awb-border-radius-bottom-left:0px;--awb-padding-top:0px;--awb-margin-top:84px;--awb-margin-top-small:66px;--awb-flex-wrap:wrap;\" ><div class=\"fusion-builder-row fusion-row fusion-flex-align-items-flex-start fusion-flex-content-wrap\" style=\"max-width:1248px;margin-left: calc(-4% \/ 2 );margin-right: calc(-4% \/ 2 );\"><div class=\"fusion-layout-column fusion_builder_column fusion-builder-column-0 fusion_builder_column_1_1 1_1 fusion-flex-column\" style=\"--awb-bg-size:cover;--awb-width-large:100%;--awb-margin-top-large:0px;--awb-spacing-right-large:1.92%;--awb-margin-bottom-large:0px;--awb-spacing-left-large:1.92%;--awb-width-medium:100%;--awb-order-medium:0;--awb-spacing-right-medium:1.92%;--awb-spacing-left-medium:1.92%;--awb-width-small:100%;--awb-order-small:0;--awb-spacing-right-small:1.92%;--awb-spacing-left-small:1.92%;\"><div class=\"fusion-column-wrapper fusion-column-has-shadow fusion-flex-justify-content-flex-start fusion-content-layout-column\"><div class=\"fusion-title title fusion-title-1 fusion-sep-none fusion-title-text fusion-title-size-one\" style=\"--awb-font-size:27px;\"><h1 class=\"fusion-title-heading title-heading-left\" style=\"font-family:&quot;proxima-nova&quot;;font-style:normal;font-weight:700;margin:0;font-size:1em;\">Pol\u00edtica de Privacidade<\/h1><\/div><div class=\"fusion-title title fusion-title-2 fusion-sep-none fusion-title-text fusion-title-size-one\" style=\"--awb-font-size:15px;\"><h1 class=\"fusion-title-heading title-heading-left\" style=\"font-family:&quot;proxima-nova&quot;;font-style:normal;font-weight:700;margin:0;font-size:1em;\"><span data-start=\"236\" data-end=\"269\">\u00daltima atualiza\u00e7\u00e3o: 20-01-2026<\/span><\/h1><\/div><\/div><\/div><div class=\"fusion-layout-column fusion_builder_column fusion-builder-column-1 fusion_builder_column_1_1 1_1 fusion-flex-column\" style=\"--awb-bg-size:cover;--awb-width-large:100%;--awb-margin-top-large:0px;--awb-spacing-right-large:1.92%;--awb-margin-bottom-large:0px;--awb-spacing-left-large:1.92%;--awb-width-medium:100%;--awb-order-medium:0;--awb-spacing-right-medium:1.92%;--awb-spacing-left-medium:1.92%;--awb-width-small:100%;--awb-order-small:0;--awb-spacing-right-small:1.92%;--awb-spacing-left-small:1.92%;\"><div class=\"fusion-column-wrapper fusion-column-has-shadow fusion-flex-justify-content-flex-start fusion-content-layout-column\"><div class=\"fusion-text fusion-text-1\" style=\"--awb-font-size:15px;--awb-text-font-family:&quot;proxima-nova&quot;;--awb-text-font-style:normal;--awb-text-font-weight:400;\"><p>Bem-vindo \u00e0 <strong>SOBBA<\/strong>. <br \/>Esta Pol\u00edtica de Privacidade descreve como a Urban Sardine Lda (\u201cn\u00f3s\u201d, \u201cnos\u201d ou \u201cnosso\u201d) recolhe, usa e protege os seus dados pessoais quando visita o nosso s\u00edtio Web <a href=\"https:\/\/www.sobba.pt\">www.sobba.pt<\/a>.<br \/>Respeitamos a sua privacidade e estamos empenhados em tratar as suas informa\u00e7\u00f5es pessoais em conformidade com o <strong>Regulamento Geral sobre a Prote\u00e7\u00e3o de Dados (RGPD)<\/strong> e outras leis de prote\u00e7\u00e3o de dados aplic\u00e1veis na Uni\u00e3o Europeia.<\/p>\n<\/div><\/div><\/div><div class=\"fusion-layout-column fusion_builder_column fusion-builder-column-2 fusion_builder_column_1_1 1_1 fusion-flex-column\" style=\"--awb-bg-size:cover;--awb-width-large:100%;--awb-margin-top-large:0px;--awb-spacing-right-large:1.92%;--awb-margin-bottom-large:0px;--awb-spacing-left-large:1.92%;--awb-width-medium:100%;--awb-order-medium:0;--awb-spacing-right-medium:1.92%;--awb-spacing-left-medium:1.92%;--awb-width-small:100%;--awb-order-small:0;--awb-spacing-right-small:1.92%;--awb-spacing-left-small:1.92%;\"><div class=\"fusion-column-wrapper fusion-column-has-shadow fusion-flex-justify-content-flex-start fusion-content-layout-column\"><div class=\"fusion-text fusion-text-2\" style=\"--awb-font-size:15px;--awb-text-font-family:&quot;proxima-nova&quot;;--awb-text-font-style:normal;--awb-text-font-weight:400;\"><\/div><\/div><\/div><div class=\"fusion-layout-column fusion_builder_column fusion-builder-column-3 fusion_builder_column_1_1 1_1 fusion-flex-column\" style=\"--awb-bg-size:cover;--awb-width-large:100%;--awb-margin-top-large:0px;--awb-spacing-right-large:1.92%;--awb-margin-bottom-large:0px;--awb-spacing-left-large:1.92%;--awb-width-medium:100%;--awb-order-medium:0;--awb-spacing-right-medium:1.92%;--awb-spacing-left-medium:1.92%;--awb-width-small:100%;--awb-order-small:0;--awb-spacing-right-small:1.92%;--awb-spacing-left-small:1.92%;\"><div class=\"fusion-column-wrapper fusion-column-has-shadow fusion-flex-justify-content-flex-start fusion-content-layout-column\"><div class=\"fusion-text fusion-text-3\" style=\"--awb-font-size:15px;--awb-text-transform:none;--awb-text-font-family:&quot;proxima-nova&quot;;--awb-text-font-style:normal;--awb-text-font-weight:400;\"><h4 class=\"fusion-responsive-typography-calculated\" data-fontsize=\"24\" data-lineheight=\"33.6px\"><span data-start=\"820\" data-end=\"849\" data-fusion-font=\"true\">1. Dados que recolhemos<\/span><\/h4>\n<p>Recolhemos informa\u00e7\u00f5es das seguintes formas:<\/p>\n<p><strong>a) Informa\u00e7\u00f5es que fornece diretamente<\/strong><br \/><strong>\u2022 Formul\u00e1rio de contacto:<\/strong> nome, endere\u00e7o de e-mail e a sua mensagem.<br \/><strong>\u2022 Question\u00e1rio:<\/strong> faixa et\u00e1ria, h\u00e1bitos e prefer\u00eancias relacionados com ch\u00e1 e bem-estar (endere\u00e7o de e-mail opcional).<br \/><strong>\u2022 Newsletter (opcional):<\/strong> endere\u00e7o de e-mail quando se inscreve para receber atualiza\u00e7\u00f5es ou ofertas.<\/p>\n<p><strong>b) Informa\u00e7\u00f5es recolhidas automaticamente<\/strong><br \/>\u2022 Dados t\u00e9cnicos, como o seu endere\u00e7o IP, tipo de navegador, informa\u00e7\u00f5es do dispositivo e p\u00e1ginas visitadas, atrav\u00e9s do <strong>Google Analytics<\/strong> e cookies. <em><strong>Consulte a nossa<\/strong> <a class=\"\" href=\"https:\/\/sobba.pt\/pt-pt\/politica-de-privacidade\/#\" rel=\"noopener\" data-start=\"1520\" data-end=\"1538\">Pol\u00edtica de Cookies<\/a> para obter mais detalhes.<\/em><\/p>\n<p>&nbsp;<\/p>\n<h4 class=\"fusion-responsive-typography-calculated\" data-fontsize=\"24\" data-lineheight=\"33.6px\"><span data-start=\"820\" data-end=\"849\" data-fusion-font=\"true\">2. Finalidade do tratamento<\/span><\/h4>\n<p data-start=\"1404\" data-end=\"1556\">Tratamos os seus dados para:<br \/>\u2022 Responder \u00e0s suas mensagens ou pedidos;<br \/>\u2022 Compreender os seus h\u00e1bitos e prefer\u00eancias para melhorar os nossos produtos e experi\u00eancia;<br \/>\u2022 Enviar atualiza\u00e7\u00f5es ou newsletters ocasionais (apenas se consentir);<br \/>\u2022 Analisar o desempenho e o tr\u00e1fego do s\u00edtio Web;<br \/>\u2022 Cumprir as obriga\u00e7\u00f5es legais relacionadas com o com\u00e9rcio eletr\u00f3nico e a prote\u00e7\u00e3o de dados.<\/p>\n<h4 class=\"fusion-responsive-typography-calculated\" data-fontsize=\"24\" data-lineheight=\"33.6px\"><span data-start=\"820\" data-end=\"849\" data-fusion-font=\"true\">3. Base jur\u00eddica para o tratamento&nbsp;<\/span><\/h4>\n<p>Os seus dados s\u00e3o tratados ao abrigo de uma ou mais das seguintes bases jur\u00eddicas:<br \/>\u2022 O seu <strong>consentimento<\/strong> (para newsletters, question\u00e1rios ou cookies);<br \/><strong>\u2022 Necessidade contratual<\/strong> (ao processar encomendas ou responder aos seus pedidos);<br \/><strong>\u2022 Interesse leg\u00edtimo<\/strong> (para melhorar os nossos servi\u00e7os e o desempenho do s\u00edtio Web).<\/p>\n<h4 class=\"fusion-responsive-typography-calculated\" data-fontsize=\"24\" data-lineheight=\"33.6px\"><span data-start=\"820\" data-end=\"849\" data-fusion-font=\"true\">4. Cookies&nbsp;<\/span><\/h4>\n<p>Utilizamos cookies e tecnologias semelhantes para melhorar a sua experi\u00eancia de navega\u00e7\u00e3o e compreender como os visitantes interagem com o nosso site. Pode gerir ou desativar os cookies atrav\u00e9s das defini\u00e7\u00f5es do seu navegador ou atrav\u00e9s da nossa ferramenta de prefer\u00eancias de cookies. Para mais informa\u00e7\u00f5es, consulte a nossa Pol\u00edtica de Cookies.  <\/p>\n<h4 class=\"fusion-responsive-typography-calculated\" data-fontsize=\"24\" data-lineheight=\"33.6px\"><span data-start=\"820\" data-end=\"849\" data-fusion-font=\"true\">5. Partilha de dados e terceiros<br \/><\/span><\/h4>\n<p>Apenas partilhamos dados quando necess\u00e1rio para a presta\u00e7\u00e3o de servi\u00e7os ou cumprimento legal:<br \/><strong>\u2022 An\u00e1lise:<\/strong> Google Analytics (dados armazenados na UE ou nos EUA, com salvaguardas ao abrigo do RGPD).<br \/><strong>\u2022 Pagamentos:<\/strong> Ifthenpay (gere pagamentos online seguros em nosso nome).<br \/><strong>\u2022 Servi\u00e7os de e-mail:<\/strong> fornecedor de newsletter (por exemplo, Mailchimp ou equivalente, uma vez selecionado).<br \/>N\u00e3o vendemos nem trocamos os seus dados pessoais com terceiros<\/p>\n<h4 class=\"fusion-responsive-typography-calculated\" data-fontsize=\"24\" data-lineheight=\"33.6px\"><span data-start=\"820\" data-end=\"849\" data-fusion-font=\"true\">6. Reten\u00e7\u00e3o de dados&nbsp;<\/span><\/h4>\n<p>Conservamos os seus dados apenas durante o tempo necess\u00e1rio para os fins descritos acima ou conforme exigido por lei. Pode solicitar a elimina\u00e7\u00e3o dos seus dados a qualquer momento (ver sec\u00e7\u00e3o 8). <\/p>\n<h4 class=\"fusion-responsive-typography-calculated\" data-fontsize=\"24\" data-lineheight=\"33.6px\"><span data-start=\"820\" data-end=\"849\" data-fusion-font=\"true\">7. Os seus direitos&nbsp;<\/span><\/h4>\n<p>Nos termos do RGPD, tem o direito de:<br \/>\u2022 Aceder aos dados pessoais que detemos sobre si;<br \/>\u2022 Solicitar a corre\u00e7\u00e3o ou elimina\u00e7\u00e3o;<br \/>\u2022 Retirar o consentimento a qualquer momento;<br \/>\u2022 Opor-se ou restringir o tratamento;<br \/>\u2022 Portabilidade dos dados (receber os seus dados num formato estruturado e comum).<\/p>\n<p>Para exercer estes direitos, contacte-nos atrav\u00e9s de <strong>[o seu e-mail de contacto]<\/strong>.<br \/>Se acreditar que os seus dados foram mal utilizados, tem tamb\u00e9m o direito de apresentar uma reclama\u00e7\u00e3o \u00e0 <strong>Comiss\u00e3o Nacional de Prote\u00e7\u00e3o de Dados (CNPD).<\/strong><\/p>\n<h4 class=\"fusion-responsive-typography-calculated\" data-fontsize=\"24\" data-lineheight=\"33.6px\"><span data-start=\"820\" data-end=\"849\" data-fusion-font=\"true\">8. Seguran\u00e7a dos dados&nbsp;<\/span><\/h4>\n<p>Implementamos medidas t\u00e9cnicas e organizacionais para proteger as suas informa\u00e7\u00f5es contra acesso n\u00e3o autorizado, altera\u00e7\u00e3o, divulga\u00e7\u00e3o ou destrui\u00e7\u00e3o.<\/p>\n<h4 class=\"fusion-responsive-typography-calculated\" data-fontsize=\"24\" data-lineheight=\"33.6px\"><span data-start=\"820\" data-end=\"849\" data-fusion-font=\"true\">9. Transfer\u00eancias internacionais&nbsp;<\/span><\/h4>\n<p>Quando os dados s\u00e3o processados fora do Espa\u00e7o Econ\u00f3mico Europeu (EEE), garantimos que existem salvaguardas adequadas (como Cl\u00e1usulas Contratuais Padr\u00e3o) em vigor para proteger as suas informa\u00e7\u00f5es.<\/p>\n<h4 class=\"fusion-responsive-typography-calculated\" data-fontsize=\"24\" data-lineheight=\"33.6px\"><span data-start=\"820\" data-end=\"849\" data-fusion-font=\"true\">10. Atualiza\u00e7\u00f5es a esta pol\u00edtica&nbsp;<\/span><\/h4>\n<p>Podemos atualizar esta Pol\u00edtica de Privacidade periodicamente para refletir altera\u00e7\u00f5es nas nossas pr\u00e1ticas ou requisitos legais.<br \/>A vers\u00e3o mais recente estar\u00e1 sempre dispon\u00edvel nesta p\u00e1gina. <\/p>\n<p>&nbsp;<\/p>\n<h4 class=\"fusion-responsive-typography-calculated\" data-fontsize=\"24\" data-lineheight=\"33.6px\"><span data-start=\"820\" data-end=\"849\" data-fusion-font=\"true\">Informa\u00e7\u00e3o legal<\/span><\/h4>\n<p><strong>Nome da empresa: <\/strong>Urban Sardine Lda <br \/><strong>Registada em:<\/strong> Portugal <br \/><strong>VAT \/ NIF:<\/strong> 518 280 241 <br \/><strong>Morada registada: <\/strong>Rua P\u00e9 de Mouro, Centro Empresarial Lusoworld, Bloco C , Armaz\u00e9m 22,  2710-144 Linh\u00f3, Sintra, Portugal <br \/><strong>Contacto:<\/strong> 965 892 744 <br \/><strong>E-mail:<\/strong> hello@sobba.pt <br \/><strong>S\u00edtio Web:<\/strong> www.sobba.pt<\/p>\n<p><strong>SOBBA \u00a9 [2025]. Todos os direitos reservados.<\/strong> <br \/>O conte\u00fado deste s\u00edtio Web \u00e9 propriedade da Urban Sardine Lda e n\u00e3o pode ser reproduzido <br \/>sem permiss\u00e3o<\/p>\n<\/div><\/div><\/div><\/div><\/div>\n\n","protected":false},"excerpt":{"rendered":"","protected":false},"author":1,"featured_media":0,"parent":0,"menu_order":0,"comment_status":"closed","ping_status":"open","template":"100-width.php","meta":{"footnotes":""},"class_list":["post-9118","page","type-page","status-publish","hentry"],"yoast_head":"<!-- This site is optimized with the Yoast SEO plugin v27.0 - https:\/\/yoast.com\/product\/yoast-seo-wordpress\/ -->\n<title>Pol\u00edtica de Privacidade - SOBBA<\/title>\n<meta name=\"robots\" content=\"index, follow, max-snippet:-1, max-image-preview:large, max-video-preview:-1\" \/>\n<link rel=\"canonical\" href=\"https:\/\/sobba.pt\/pt-pt\/politica-de-privacidade\/\" \/>\n<meta property=\"og:locale\" content=\"pt_PT\" \/>\n<meta property=\"og:type\" content=\"article\" \/>\n<meta property=\"og:title\" content=\"Pol\u00edtica de Privacidade - SOBBA\" \/>\n<meta property=\"og:url\" content=\"https:\/\/sobba.pt\/pt-pt\/politica-de-privacidade\/\" \/>\n<meta property=\"og:site_name\" content=\"SOBBA\" \/>\n<meta property=\"article:publisher\" content=\"https:\/\/www.facebook.com\/sobba.pt\" \/>\n<meta name=\"twitter:card\" content=\"summary_large_image\" \/>\n<script type=\"application\/ld+json\" class=\"yoast-schema-graph\">{\"@context\":\"https:\/\/schema.org\",\"@graph\":[{\"@type\":\"WebPage\",\"@id\":\"https:\/\/sobba.pt\/pt-pt\/politica-de-privacidade\/\",\"url\":\"https:\/\/sobba.pt\/pt-pt\/politica-de-privacidade\/\",\"name\":\"Pol\u00edtica de Privacidade - SOBBA\",\"isPartOf\":{\"@id\":\"https:\/\/sobba.pt\/#website\"},\"datePublished\":\"2025-06-18T21:14:29+00:00\",\"breadcrumb\":{\"@id\":\"https:\/\/sobba.pt\/pt-pt\/politica-de-privacidade\/#breadcrumb\"},\"inLanguage\":\"pt-PT\",\"potentialAction\":[{\"@type\":\"ReadAction\",\"target\":[\"https:\/\/sobba.pt\/pt-pt\/politica-de-privacidade\/\"]}]},{\"@type\":\"BreadcrumbList\",\"@id\":\"https:\/\/sobba.pt\/pt-pt\/politica-de-privacidade\/#breadcrumb\",\"itemListElement\":[{\"@type\":\"ListItem\",\"position\":1,\"name\":\"Home\",\"item\":\"https:\/\/sobba.pt\/pt-pt\/\"},{\"@type\":\"ListItem\",\"position\":2,\"name\":\"Pol\u00edtica de Privacidade\"}]},{\"@type\":\"WebSite\",\"@id\":\"https:\/\/sobba.pt\/#website\",\"url\":\"https:\/\/sobba.pt\/\",\"name\":\"SOBBA\",\"description\":\"Tiny grains, big benefits!\",\"publisher\":{\"@id\":\"https:\/\/sobba.pt\/#organization\"},\"potentialAction\":[{\"@type\":\"SearchAction\",\"target\":{\"@type\":\"EntryPoint\",\"urlTemplate\":\"https:\/\/sobba.pt\/?s={search_term_string}\"},\"query-input\":{\"@type\":\"PropertyValueSpecification\",\"valueRequired\":true,\"valueName\":\"search_term_string\"}}],\"inLanguage\":\"pt-PT\"},{\"@type\":\"Organization\",\"@id\":\"https:\/\/sobba.pt\/#organization\",\"name\":\"SOBBA\",\"url\":\"https:\/\/sobba.pt\/\",\"logo\":{\"@type\":\"ImageObject\",\"inLanguage\":\"pt-PT\",\"@id\":\"https:\/\/sobba.pt\/#\/schema\/logo\/image\/\",\"url\":\"https:\/\/sobba.pt\/wp-content\/uploads\/2025\/07\/final-FINALISSIMO-scaled.png\",\"contentUrl\":\"https:\/\/sobba.pt\/wp-content\/uploads\/2025\/07\/final-FINALISSIMO-scaled.png\",\"width\":2560,\"height\":534,\"caption\":\"SOBBA\"},\"image\":{\"@id\":\"https:\/\/sobba.pt\/#\/schema\/logo\/image\/\"},\"sameAs\":[\"https:\/\/www.facebook.com\/sobba.pt\",\"https:\/\/www.instagram.com\/sobba.pt\/\",\"https:\/\/www.linkedin.com\/company\/sobba-infusions\/?originalSubdomain=pt\"]}]}<\/script>\n<!-- \/ Yoast SEO plugin. -->","yoast_head_json":{"title":"Pol\u00edtica de Privacidade - SOBBA","robots":{"index":"index","follow":"follow","max-snippet":"max-snippet:-1","max-image-preview":"max-image-preview:large","max-video-preview":"max-video-preview:-1"},"canonical":"https:\/\/sobba.pt\/pt-pt\/politica-de-privacidade\/","og_locale":"pt_PT","og_type":"article","og_title":"Pol\u00edtica de Privacidade - SOBBA","og_url":"https:\/\/sobba.pt\/pt-pt\/politica-de-privacidade\/","og_site_name":"SOBBA","article_publisher":"https:\/\/www.facebook.com\/sobba.pt","twitter_card":"summary_large_image","schema":{"@context":"https:\/\/schema.org","@graph":[{"@type":"WebPage","@id":"https:\/\/sobba.pt\/pt-pt\/politica-de-privacidade\/","url":"https:\/\/sobba.pt\/pt-pt\/politica-de-privacidade\/","name":"Pol\u00edtica de Privacidade - SOBBA","isPartOf":{"@id":"https:\/\/sobba.pt\/#website"},"datePublished":"2025-06-18T21:14:29+00:00","breadcrumb":{"@id":"https:\/\/sobba.pt\/pt-pt\/politica-de-privacidade\/#breadcrumb"},"inLanguage":"pt-PT","potentialAction":[{"@type":"ReadAction","target":["https:\/\/sobba.pt\/pt-pt\/politica-de-privacidade\/"]}]},{"@type":"BreadcrumbList","@id":"https:\/\/sobba.pt\/pt-pt\/politica-de-privacidade\/#breadcrumb","itemListElement":[{"@type":"ListItem","position":1,"name":"Home","item":"https:\/\/sobba.pt\/pt-pt\/"},{"@type":"ListItem","position":2,"name":"Pol\u00edtica de Privacidade"}]},{"@type":"WebSite","@id":"https:\/\/sobba.pt\/#website","url":"https:\/\/sobba.pt\/","name":"SOBBA","description":"Tiny grains, big benefits!","publisher":{"@id":"https:\/\/sobba.pt\/#organization"},"potentialAction":[{"@type":"SearchAction","target":{"@type":"EntryPoint","urlTemplate":"https:\/\/sobba.pt\/?s={search_term_string}"},"query-input":{"@type":"PropertyValueSpecification","valueRequired":true,"valueName":"search_term_string"}}],"inLanguage":"pt-PT"},{"@type":"Organization","@id":"https:\/\/sobba.pt\/#organization","name":"SOBBA","url":"https:\/\/sobba.pt\/","logo":{"@type":"ImageObject","inLanguage":"pt-PT","@id":"https:\/\/sobba.pt\/#\/schema\/logo\/image\/","url":"https:\/\/sobba.pt\/wp-content\/uploads\/2025\/07\/final-FINALISSIMO-scaled.png","contentUrl":"https:\/\/sobba.pt\/wp-content\/uploads\/2025\/07\/final-FINALISSIMO-scaled.png","width":2560,"height":534,"caption":"SOBBA"},"image":{"@id":"https:\/\/sobba.pt\/#\/schema\/logo\/image\/"},"sameAs":["https:\/\/www.facebook.com\/sobba.pt","https:\/\/www.instagram.com\/sobba.pt\/","https:\/\/www.linkedin.com\/company\/sobba-infusions\/?originalSubdomain=pt"]}]}},"_links":{"self":[{"href":"https:\/\/sobba.pt\/pt-pt\/wp-json\/wp\/v2\/pages\/9118","targetHints":{"allow":["GET"]}}],"collection":[{"href":"https:\/\/sobba.pt\/pt-pt\/wp-json\/wp\/v2\/pages"}],"about":[{"href":"https:\/\/sobba.pt\/pt-pt\/wp-json\/wp\/v2\/types\/page"}],"author":[{"embeddable":true,"href":"https:\/\/sobba.pt\/pt-pt\/wp-json\/wp\/v2\/users\/1"}],"replies":[{"embeddable":true,"href":"https:\/\/sobba.pt\/pt-pt\/wp-json\/wp\/v2\/comments?post=9118"}],"version-history":[{"count":0,"href":"https:\/\/sobba.pt\/pt-pt\/wp-json\/wp\/v2\/pages\/9118\/revisions"}],"wp:attachment":[{"href":"https:\/\/sobba.pt\/pt-pt\/wp-json\/wp\/v2\/media?parent=9118"}],"curies":[{"name":"wp","href":"https:\/\/api.w.org\/{rel}","templated":true}]}}