{"id":9211,"date":"2025-07-14T04:58:40","date_gmt":"2025-07-14T04:58:40","guid":{"rendered":"https:\/\/sobba.pt\/politica-de-cookies\/"},"modified":"2026-01-19T09:20:29","modified_gmt":"2026-01-19T09:20:29","slug":"politica-de-cookies","status":"publish","type":"page","link":"https:\/\/sobba.pt\/pt-pt\/politica-de-cookies\/","title":{"rendered":"Pol\u00edtica de Cookies"},"content":{"rendered":"<div class=\"fusion-fullwidth fullwidth-box fusion-builder-row-1 fusion-flex-container nonhundred-percent-fullwidth non-hundred-percent-height-scrolling\" style=\"--awb-border-radius-top-left:0px;--awb-border-radius-top-right:0px;--awb-border-radius-bottom-right:0px;--awb-border-radius-bottom-left:0px;--awb-padding-top:0px;--awb-margin-top:84px;--awb-margin-top-small:66px;--awb-flex-wrap:wrap;\" ><div class=\"fusion-builder-row fusion-row fusion-flex-align-items-flex-start fusion-flex-content-wrap\" style=\"max-width:1248px;margin-left: calc(-4% \/ 2 );margin-right: calc(-4% \/ 2 );\"><div class=\"fusion-layout-column fusion_builder_column fusion-builder-column-0 fusion_builder_column_1_1 1_1 fusion-flex-column\" style=\"--awb-bg-size:cover;--awb-width-large:100%;--awb-margin-top-large:0px;--awb-spacing-right-large:1.92%;--awb-margin-bottom-large:0px;--awb-spacing-left-large:1.92%;--awb-width-medium:100%;--awb-order-medium:0;--awb-spacing-right-medium:1.92%;--awb-spacing-left-medium:1.92%;--awb-width-small:100%;--awb-order-small:0;--awb-spacing-right-small:1.92%;--awb-spacing-left-small:1.92%;\"><div class=\"fusion-column-wrapper fusion-column-has-shadow fusion-flex-justify-content-flex-start fusion-content-layout-column\"><div class=\"fusion-title title fusion-title-1 fusion-sep-none fusion-title-text fusion-title-size-one\" style=\"--awb-font-size:27px;\"><h1 class=\"fusion-title-heading title-heading-left\" style=\"font-family:&quot;proxima-nova&quot;;font-style:normal;font-weight:700;margin:0;font-size:1em;\">Pol\u00edtica de Cookies<\/h1><\/div><div class=\"fusion-title title fusion-title-2 fusion-sep-none fusion-title-text fusion-title-size-one\" style=\"--awb-font-size:15px;\"><h1 class=\"fusion-title-heading title-heading-left\" style=\"font-family:&quot;proxima-nova&quot;;font-style:normal;font-weight:700;margin:0;font-size:1em;\"><span data-start=\"236\" data-end=\"269\">\u00daltima atualiza\u00e7\u00e3o: 20-01-2026<\/span><\/h1><\/div><\/div><\/div><div class=\"fusion-layout-column fusion_builder_column fusion-builder-column-1 fusion_builder_column_1_1 1_1 fusion-flex-column\" style=\"--awb-bg-size:cover;--awb-width-large:100%;--awb-margin-top-large:0px;--awb-spacing-right-large:1.92%;--awb-margin-bottom-large:0px;--awb-spacing-left-large:1.92%;--awb-width-medium:100%;--awb-order-medium:0;--awb-spacing-right-medium:1.92%;--awb-spacing-left-medium:1.92%;--awb-width-small:100%;--awb-order-small:0;--awb-spacing-right-small:1.92%;--awb-spacing-left-small:1.92%;\"><div class=\"fusion-column-wrapper fusion-column-has-shadow fusion-flex-justify-content-flex-start fusion-content-layout-column\"><div class=\"fusion-text fusion-text-1\" style=\"--awb-font-size:15px;--awb-text-font-family:&quot;proxima-nova&quot;;--awb-text-font-style:normal;--awb-text-font-weight:400;\"><p>Bem-vindo \u00e0 <strong>SOBBA<\/strong>.<br \/>Esta Pol\u00edtica de Cookies explica como a <strong>Urban Sardine Lda<\/strong> (\u201cn\u00f3s\u201d, \u201cnos\u201d ou \u201cnosso\u201d) utiliza cookies e tecnologias semelhantes no nosso s\u00edtio Web <a href=\"https:\/\/www.sobba.pt\">www.sobba.pt<\/a>.<br \/>Utilizamos cookies para melhorar a sua experi\u00eancia de navega\u00e7\u00e3o, compreender como os visitantes utilizam o nosso site e ajudar-nos a oferecer conte\u00fado relevante e \u00fatil.<br \/>Ao utilizar o nosso s\u00edtio Web, consente a utiliza\u00e7\u00e3o de cookies de acordo com esta pol\u00edtica, a menos que os tenha desativado no seu navegador ou atrav\u00e9s da nossa ferramenta de defini\u00e7\u00f5es de cookies.<\/p>\n<\/div><\/div><\/div><div class=\"fusion-layout-column fusion_builder_column fusion-builder-column-2 fusion_builder_column_1_1 1_1 fusion-flex-column\" style=\"--awb-bg-size:cover;--awb-width-large:100%;--awb-margin-top-large:0px;--awb-spacing-right-large:1.92%;--awb-margin-bottom-large:0px;--awb-spacing-left-large:1.92%;--awb-width-medium:100%;--awb-order-medium:0;--awb-spacing-right-medium:1.92%;--awb-spacing-left-medium:1.92%;--awb-width-small:100%;--awb-order-small:0;--awb-spacing-right-small:1.92%;--awb-spacing-left-small:1.92%;\"><div class=\"fusion-column-wrapper fusion-column-has-shadow fusion-flex-justify-content-flex-start fusion-content-layout-column\"><div class=\"fusion-text fusion-text-2\" style=\"--awb-font-size:15px;--awb-text-font-family:&quot;proxima-nova&quot;;--awb-text-font-style:normal;--awb-text-font-weight:400;\"><\/div><\/div><\/div><div class=\"fusion-layout-column fusion_builder_column fusion-builder-column-3 fusion_builder_column_1_1 1_1 fusion-flex-column\" style=\"--awb-bg-size:cover;--awb-width-large:100%;--awb-margin-top-large:0px;--awb-spacing-right-large:1.92%;--awb-margin-bottom-large:0px;--awb-spacing-left-large:1.92%;--awb-width-medium:100%;--awb-order-medium:0;--awb-spacing-right-medium:1.92%;--awb-spacing-left-medium:1.92%;--awb-width-small:100%;--awb-order-small:0;--awb-spacing-right-small:1.92%;--awb-spacing-left-small:1.92%;\"><div class=\"fusion-column-wrapper fusion-column-has-shadow fusion-flex-justify-content-flex-start fusion-content-layout-column\"><div class=\"fusion-text fusion-text-3\" style=\"--awb-font-size:15px;--awb-text-transform:none;--awb-text-font-family:&quot;proxima-nova&quot;;--awb-text-font-style:normal;--awb-text-font-weight:400;\"><h4 class=\"fusion-responsive-typography-calculated\" style=\"--fontsize: 24; line-height: 1.4; --minfontsize: 24;\" data-fontsize=\"24\" data-lineheight=\"33.6px\">1. O que s\u00e3o cookies?<\/h4>\n<p>Os cookies s\u00e3o pequenos ficheiros de texto colocados no seu dispositivo (computador, telem\u00f3vel ou tablet) quando visita um s\u00edtio Web.<br \/>Ajudam o s\u00edtio Web a reconhecer o seu dispositivo e a armazenar informa\u00e7\u00f5es sobre as suas prefer\u00eancias ou a\u00e7\u00f5es.<br \/>Alguns cookies s\u00e3o <strong>essenciais<\/strong> para o bom funcionamento do s\u00edtio Web, enquanto outros nos ajudam a compreender como os nossos visitantes interagem com o site.<\/p>\n<p><span style=\"font-family: proxima-nova, Arial, Helvetica, sans-serif; font-size: 24px; font-weight: bold; letter-spacing: -0.84px; text-transform: capitalize; background-color: rgba(0, 0, 0, 0);\">2. Tipos de cookies que utilizamos<\/span><\/p>\n<p data-start=\"1404\" data-end=\"1556\">Utilizamos as seguintes categorias de cookies:<br \/><strong>a) Cookies essenciais<\/strong><br \/>Estes cookies s\u00e3o necess\u00e1rios para a funcionalidade b\u00e1sica do s\u00edtio Web, como a navega\u00e7\u00e3o, o acesso a \u00e1reas seguras e o armazenamento das suas prefer\u00eancias de cookies.<br \/>Sem estes cookies, o s\u00edtio Web pode n\u00e3o funcionar corretamente.<\/p>\n<p><strong>b) Cookies de desempenho e an\u00e1lise<\/strong><br \/>Utilizamos o Google Analytics para recolher dados an\u00f3nimos sobre a forma como os visitantes utilizam o nosso s\u00edtio Web (por exemplo, quais as p\u00e1ginas mais visitadas).<br \/>Isto ajuda-nos a compreender e a melhorar a experi\u00eancia do utilizador. O Google Analytics pode armazenar o seu endere\u00e7o IP de forma an\u00f3nima. <\/p>\n<p><strong>c) Cookies de funcionalidade<\/strong><br \/>Estes cookies lembram-se das suas escolhas, como as prefer\u00eancias de idioma ou as entradas de formul\u00e1rios, para proporcionar uma experi\u00eancia mais personalizada.<\/p>\n<p><strong>d) Cookies de marketing (se ativados)<\/strong><br \/>Estes cookies s\u00e3o utilizados para rastrear os visitantes em v\u00e1rios s\u00edtios Web, a fim de apresentar an\u00fancios relevantes e apelativos.<br \/>S\u00f3 utilizaremos cookies de marketing se os tiver aceitado explicitamente atrav\u00e9s do nosso banner de cookies.<\/p>\n<h4 class=\"fusion-responsive-typography-calculated\" style=\"--fontsize: 24; line-height: 1.4; --minfontsize: 24;\" data-fontsize=\"24\" data-lineheight=\"33.6px\">3. Como gerir as suas prefer\u00eancias de cookies<\/h4>\n<p>Quando visita o nosso s\u00edtio Web pela primeira vez, surge um banner de cookies que lhe permite:<br \/>\u2022 Aceitar todos os cookies;<br \/>\u2022 Rejeitar os cookies n\u00e3o essenciais;<br \/>\u2022 Gerir as prefer\u00eancias por categoria.<\/p>\n<p>Tamb\u00e9m pode alterar ou retirar o seu consentimento em qualquer altura atrav\u00e9s da liga\u00e7\u00e3o \u201cDefini\u00e7\u00f5es de cookies\u201d no rodap\u00e9.<br \/>Em alternativa, pode controlar ou eliminar os cookies diretamente atrav\u00e9s das defini\u00e7\u00f5es do seu navegador.<br \/>No entanto, a desativa\u00e7\u00e3o de alguns cookies pode afetar a funcionalidade do s\u00edtio Web.<\/p>\n<p>Para mais informa\u00e7\u00f5es, visite:<br \/>\u2022 https:\/\/allaboutcookies.org<br \/>\u2022 https:\/\/youronlinechoices.e<\/p>\n<h4 class=\"fusion-responsive-typography-calculated\" style=\"--fontsize: 24; line-height: 1.4; --minfontsize: 24;\" data-fontsize=\"24\" data-lineheight=\"33.6px\">4. Cookies de terceiros<\/h4>\n<p>Alguns cookies no nosso site s\u00e3o colocados por servi\u00e7os de terceiros que utilizamos, tais como:<br \/><strong>\u2022 Google Analytics<\/strong> (para estat\u00edsticas do s\u00edtio Web);<br \/><strong>\u2022 Fornecedor de pagamento (Ifthenpay)<\/strong> (para transa\u00e7\u00f5es online seguras);<br \/><strong>\u2022 Plataforma de newsletter<\/strong> (para registos de e-mail, quando ativada).<\/p>\n<p>Cada um destes fornecedores tem as suas pr\u00f3prias pol\u00edticas de privacidade e cookies. Recomendamos que as reveja para obter mais informa\u00e7\u00f5es sobre as suas pr\u00e1ticas de tratamento de dados <\/p>\n<h4 class=\"fusion-responsive-typography-calculated\" style=\"--fontsize: 24; line-height: 1.4; --minfontsize: 24;\" data-fontsize=\"24\" data-lineheight=\"33.6px\"><span data-start=\"820\" data-end=\"849\" data-fusion-font=\"true\">5. Atualiza\u00e7\u00f5es a esta Pol\u00edtica de Cookies<br \/><\/span><\/h4>\n<p>Podemos atualizar esta pol\u00edtica periodicamente para refletir altera\u00e7\u00f5es nos cookies que utilizamos ou nos requisitos legais. <br \/>A vers\u00e3o atualizada incluir\u00e1 sempre a data da \u201c\u00daltima atualiza\u00e7\u00e3o\u201d no topo desta p\u00e1gina<\/p>\n<h4 class=\"fusion-responsive-typography-calculated\" style=\"--fontsize: 24; line-height: 1.4; --minfontsize: 24;\" data-fontsize=\"24\" data-lineheight=\"33.6px\">6. Contacte-nos<\/h4>\n<p>Se tiver alguma quest\u00e3o sobre esta Pol\u00edtica de Cookies ou sobre as nossas pr\u00e1ticas de dados, contacte-nos atrav\u00e9s do seguinte endere\u00e7o:<br \/><strong>hello@sobba.pt<\/strong> <\/p>\n<p><strong>SOBBA \u00a9 [2025]. Todos os direitos reservados. <\/strong><\/p>\n<\/div><\/div><\/div><\/div><\/div>\n","protected":false},"excerpt":{"rendered":"","protected":false},"author":1,"featured_media":0,"parent":0,"menu_order":0,"comment_status":"closed","ping_status":"closed","template":"100-width.php","meta":{"footnotes":""},"class_list":["post-9211","page","type-page","status-publish","hentry"],"yoast_head":"<!-- This site is optimized with the Yoast SEO plugin v27.0 - https:\/\/yoast.com\/product\/yoast-seo-wordpress\/ -->\n<title>Pol\u00edtica de Cookies - SOBBA<\/title>\n<meta name=\"robots\" content=\"index, follow, max-snippet:-1, max-image-preview:large, max-video-preview:-1\" \/>\n<link rel=\"canonical\" href=\"https:\/\/sobba.pt\/pt-pt\/politica-de-cookies\/\" \/>\n<meta property=\"og:locale\" content=\"pt_PT\" \/>\n<meta property=\"og:type\" content=\"article\" \/>\n<meta property=\"og:title\" content=\"Pol\u00edtica de Cookies - SOBBA\" \/>\n<meta property=\"og:url\" content=\"https:\/\/sobba.pt\/pt-pt\/politica-de-cookies\/\" \/>\n<meta property=\"og:site_name\" content=\"SOBBA\" \/>\n<meta property=\"article:publisher\" content=\"https:\/\/www.facebook.com\/sobba.pt\" \/>\n<meta property=\"article:modified_time\" content=\"2026-01-19T09:20:29+00:00\" \/>\n<meta name=\"twitter:card\" content=\"summary_large_image\" \/>\n<meta name=\"twitter:label1\" content=\"Tempo estimado de leitura\" \/>\n\t<meta name=\"twitter:data1\" content=\"11 minutos\" \/>\n<script type=\"application\/ld+json\" class=\"yoast-schema-graph\">{\"@context\":\"https:\/\/schema.org\",\"@graph\":[{\"@type\":\"WebPage\",\"@id\":\"https:\/\/sobba.pt\/pt-pt\/politica-de-cookies\/\",\"url\":\"https:\/\/sobba.pt\/pt-pt\/politica-de-cookies\/\",\"name\":\"Pol\u00edtica de Cookies - SOBBA\",\"isPartOf\":{\"@id\":\"https:\/\/sobba.pt\/#website\"},\"datePublished\":\"2025-07-14T04:58:40+00:00\",\"dateModified\":\"2026-01-19T09:20:29+00:00\",\"breadcrumb\":{\"@id\":\"https:\/\/sobba.pt\/pt-pt\/politica-de-cookies\/#breadcrumb\"},\"inLanguage\":\"pt-PT\",\"potentialAction\":[{\"@type\":\"ReadAction\",\"target\":[\"https:\/\/sobba.pt\/pt-pt\/politica-de-cookies\/\"]}]},{\"@type\":\"BreadcrumbList\",\"@id\":\"https:\/\/sobba.pt\/pt-pt\/politica-de-cookies\/#breadcrumb\",\"itemListElement\":[{\"@type\":\"ListItem\",\"position\":1,\"name\":\"Home\",\"item\":\"https:\/\/sobba.pt\/pt-pt\/\"},{\"@type\":\"ListItem\",\"position\":2,\"name\":\"Pol\u00edtica de Cookies\"}]},{\"@type\":\"WebSite\",\"@id\":\"https:\/\/sobba.pt\/#website\",\"url\":\"https:\/\/sobba.pt\/\",\"name\":\"SOBBA\",\"description\":\"Tiny grains, big benefits!\",\"publisher\":{\"@id\":\"https:\/\/sobba.pt\/#organization\"},\"potentialAction\":[{\"@type\":\"SearchAction\",\"target\":{\"@type\":\"EntryPoint\",\"urlTemplate\":\"https:\/\/sobba.pt\/?s={search_term_string}\"},\"query-input\":{\"@type\":\"PropertyValueSpecification\",\"valueRequired\":true,\"valueName\":\"search_term_string\"}}],\"inLanguage\":\"pt-PT\"},{\"@type\":\"Organization\",\"@id\":\"https:\/\/sobba.pt\/#organization\",\"name\":\"SOBBA\",\"url\":\"https:\/\/sobba.pt\/\",\"logo\":{\"@type\":\"ImageObject\",\"inLanguage\":\"pt-PT\",\"@id\":\"https:\/\/sobba.pt\/#\/schema\/logo\/image\/\",\"url\":\"https:\/\/sobba.pt\/wp-content\/uploads\/2025\/07\/final-FINALISSIMO-scaled.png\",\"contentUrl\":\"https:\/\/sobba.pt\/wp-content\/uploads\/2025\/07\/final-FINALISSIMO-scaled.png\",\"width\":2560,\"height\":534,\"caption\":\"SOBBA\"},\"image\":{\"@id\":\"https:\/\/sobba.pt\/#\/schema\/logo\/image\/\"},\"sameAs\":[\"https:\/\/www.facebook.com\/sobba.pt\",\"https:\/\/www.instagram.com\/sobba.pt\/\",\"https:\/\/www.linkedin.com\/company\/sobba-infusions\/?originalSubdomain=pt\"]}]}<\/script>\n<!-- \/ Yoast SEO plugin. -->","yoast_head_json":{"title":"Pol\u00edtica de Cookies - SOBBA","robots":{"index":"index","follow":"follow","max-snippet":"max-snippet:-1","max-image-preview":"max-image-preview:large","max-video-preview":"max-video-preview:-1"},"canonical":"https:\/\/sobba.pt\/pt-pt\/politica-de-cookies\/","og_locale":"pt_PT","og_type":"article","og_title":"Pol\u00edtica de Cookies - SOBBA","og_url":"https:\/\/sobba.pt\/pt-pt\/politica-de-cookies\/","og_site_name":"SOBBA","article_publisher":"https:\/\/www.facebook.com\/sobba.pt","article_modified_time":"2026-01-19T09:20:29+00:00","twitter_card":"summary_large_image","twitter_misc":{"Tempo estimado de leitura":"11 minutos"},"schema":{"@context":"https:\/\/schema.org","@graph":[{"@type":"WebPage","@id":"https:\/\/sobba.pt\/pt-pt\/politica-de-cookies\/","url":"https:\/\/sobba.pt\/pt-pt\/politica-de-cookies\/","name":"Pol\u00edtica de Cookies - SOBBA","isPartOf":{"@id":"https:\/\/sobba.pt\/#website"},"datePublished":"2025-07-14T04:58:40+00:00","dateModified":"2026-01-19T09:20:29+00:00","breadcrumb":{"@id":"https:\/\/sobba.pt\/pt-pt\/politica-de-cookies\/#breadcrumb"},"inLanguage":"pt-PT","potentialAction":[{"@type":"ReadAction","target":["https:\/\/sobba.pt\/pt-pt\/politica-de-cookies\/"]}]},{"@type":"BreadcrumbList","@id":"https:\/\/sobba.pt\/pt-pt\/politica-de-cookies\/#breadcrumb","itemListElement":[{"@type":"ListItem","position":1,"name":"Home","item":"https:\/\/sobba.pt\/pt-pt\/"},{"@type":"ListItem","position":2,"name":"Pol\u00edtica de Cookies"}]},{"@type":"WebSite","@id":"https:\/\/sobba.pt\/#website","url":"https:\/\/sobba.pt\/","name":"SOBBA","description":"Tiny grains, big benefits!","publisher":{"@id":"https:\/\/sobba.pt\/#organization"},"potentialAction":[{"@type":"SearchAction","target":{"@type":"EntryPoint","urlTemplate":"https:\/\/sobba.pt\/?s={search_term_string}"},"query-input":{"@type":"PropertyValueSpecification","valueRequired":true,"valueName":"search_term_string"}}],"inLanguage":"pt-PT"},{"@type":"Organization","@id":"https:\/\/sobba.pt\/#organization","name":"SOBBA","url":"https:\/\/sobba.pt\/","logo":{"@type":"ImageObject","inLanguage":"pt-PT","@id":"https:\/\/sobba.pt\/#\/schema\/logo\/image\/","url":"https:\/\/sobba.pt\/wp-content\/uploads\/2025\/07\/final-FINALISSIMO-scaled.png","contentUrl":"https:\/\/sobba.pt\/wp-content\/uploads\/2025\/07\/final-FINALISSIMO-scaled.png","width":2560,"height":534,"caption":"SOBBA"},"image":{"@id":"https:\/\/sobba.pt\/#\/schema\/logo\/image\/"},"sameAs":["https:\/\/www.facebook.com\/sobba.pt","https:\/\/www.instagram.com\/sobba.pt\/","https:\/\/www.linkedin.com\/company\/sobba-infusions\/?originalSubdomain=pt"]}]}},"_links":{"self":[{"href":"https:\/\/sobba.pt\/pt-pt\/wp-json\/wp\/v2\/pages\/9211","targetHints":{"allow":["GET"]}}],"collection":[{"href":"https:\/\/sobba.pt\/pt-pt\/wp-json\/wp\/v2\/pages"}],"about":[{"href":"https:\/\/sobba.pt\/pt-pt\/wp-json\/wp\/v2\/types\/page"}],"author":[{"embeddable":true,"href":"https:\/\/sobba.pt\/pt-pt\/wp-json\/wp\/v2\/users\/1"}],"replies":[{"embeddable":true,"href":"https:\/\/sobba.pt\/pt-pt\/wp-json\/wp\/v2\/comments?post=9211"}],"version-history":[{"count":1,"href":"https:\/\/sobba.pt\/pt-pt\/wp-json\/wp\/v2\/pages\/9211\/revisions"}],"predecessor-version":[{"id":9214,"href":"https:\/\/sobba.pt\/pt-pt\/wp-json\/wp\/v2\/pages\/9211\/revisions\/9214"}],"wp:attachment":[{"href":"https:\/\/sobba.pt\/pt-pt\/wp-json\/wp\/v2\/media?parent=9211"}],"curies":[{"name":"wp","href":"https:\/\/api.w.org\/{rel}","templated":true}]}}