{"id":9189,"date":"2025-08-22T10:46:41","date_gmt":"2025-08-22T10:46:41","guid":{"rendered":"https:\/\/sobba.pt\/product\/sobba-original\/"},"modified":"2026-04-17T09:27:42","modified_gmt":"2026-04-17T09:27:42","slug":"sobba-original","status":"publish","type":"product","link":"https:\/\/sobba.pt\/pt-pt\/produto\/sobba-original\/","title":{"rendered":"Sobba Original"},"content":{"rendered":"<div class=\"fusion-fullwidth fullwidth-box fusion-builder-row-1 fusion-flex-container has-pattern-background has-mask-background nonhundred-percent-fullwidth non-hundred-percent-height-scrolling\" style=\"--awb-border-radius-top-left:0px;--awb-border-radius-top-right:0px;--awb-border-radius-bottom-right:0px;--awb-border-radius-bottom-left:0px;--awb-padding-right:0px;--awb-padding-left:0px;--awb-flex-wrap:wrap;\" ><div class=\"fusion-builder-row fusion-row fusion-flex-align-items-flex-start fusion-flex-content-wrap\" style=\"max-width:1248px;margin-left: calc(-4% \/ 2 );margin-right: calc(-4% \/ 2 );\"><div class=\"fusion-layout-column fusion_builder_column fusion-builder-column-0 fusion_builder_column_1_1 1_1 fusion-flex-column\" style=\"--awb-padding-top-small:16px;--awb-bg-size:cover;--awb-width-large:100%;--awb-margin-top-large:0px;--awb-spacing-right-large:1.92%;--awb-margin-bottom-large:0px;--awb-spacing-left-large:1.92%;--awb-width-medium:100%;--awb-order-medium:0;--awb-spacing-right-medium:1.92%;--awb-spacing-left-medium:1.92%;--awb-width-small:100%;--awb-order-small:0;--awb-spacing-right-small:1.92%;--awb-spacing-left-small:1.92%;\"><div class=\"fusion-column-wrapper fusion-column-has-shadow fusion-flex-justify-content-flex-start fusion-content-layout-column\"><div class=\"fusion-text fusion-text-1\"><p>Cras tincidunt hendrerit sollicitudin. Aliquam erat volutpat. Maecenas sed sollicitudin turpis. Donec viverra tempus felis a accumsan. Quisque hendrerit nisi at pretium volutpat. Etiam vulputate turpis ac metus maximus, nec volutpat sapien tempor. Morbi non semper leo. Aenean sit amet lacinia sapien in efficitur ligula.<\/p>\n<p>Pellentesque tincidunt nec metus sit amet ultrices. Donec egestas egestas pellentesque. Mauris viverra urna ac felis tincidunt aliquam. Mauris in consequat nislut suscipit odio. Donec mollis at urna quis mattis.<\/p>\n<\/div><div class=\"fusion-title title fusion-title-1 fusion-sep-none fusion-title-text fusion-title-size-four\" style=\"--awb-margin-bottom-small:24px;\"><h4 class=\"fusion-title-heading title-heading-left\" style=\"margin:0;\">benef\u00edcios dos produtos vegan<\/h4><\/div><div class=\"fusion-text fusion-text-2\"><p>Etiam ut pulvinar felis. Ut varius lacus vitae nibh malesuada consectetur felis dapibus. Phasellus nec ipsum malesuada lorem pulvinar tincidunt. Class aptent taciti sociosqu ad litora torquent per conubia nostra<\/p>\n<\/div><ul style=\"--awb-size:17px;--awb-margin-bottom:56px;--awb-item-padding-bottom:2px;--awb-iconcolor:var(--awb-color5);--awb-line-height:28.9px;--awb-icon-width:28.9px;--awb-icon-height:28.9px;--awb-icon-margin:11.9px;--awb-content-margin:40.8px;\" class=\"fusion-checklist fusion-checklist-1 fusion-checklist-default type-icons\"><li class=\"fusion-li-item\" style=\"\"><span class=\"icon-wrapper circle-no\"><i class=\"fusion-li-icon awb-vegan-storearrow\" aria-hidden=\"true\"><\/i><\/span><div class=\"fusion-li-item-content\">Feito com ingredientes 100% veganos org\u00e2nicos<\/div><\/li><li class=\"fusion-li-item\" style=\"\"><span class=\"icon-wrapper circle-no\"><i class=\"fusion-li-icon awb-vegan-storearrow\" aria-hidden=\"true\"><\/i><\/span><div class=\"fusion-li-item-content\">\n<p>Os produtos s\u00e3o ricos em prote\u00ednas, vitaminas e minerais<\/p>\n<\/div><\/li><li class=\"fusion-li-item\" style=\"\"><span class=\"icon-wrapper circle-no\"><i class=\"fusion-li-icon awb-vegan-storearrow\" aria-hidden=\"true\"><\/i><\/span><div class=\"fusion-li-item-content\">\n<p>Etiam justo lectus scelerisque quis hendrerit vel ultricies<\/p>\n<\/div><\/li><\/ul><div class=\"fusion-builder-row fusion-builder-row-inner fusion-row fusion-flex-align-items-flex-start fusion-flex-content-wrap\" style=\"width:104% !important;max-width:104% !important;margin-left: calc(-4% \/ 2 );margin-right: calc(-4% \/ 2 );\"><div class=\"fusion-layout-column fusion_builder_column_inner fusion-builder-nested-column-0 fusion_builder_column_inner_1_4 1_4 fusion-flex-column\" style=\"--awb-bg-size:cover;--awb-width-large:25%;--awb-margin-top-large:0px;--awb-spacing-right-large:7.68%;--awb-margin-bottom-large:0px;--awb-spacing-left-large:7.68%;--awb-width-medium:25%;--awb-order-medium:0;--awb-spacing-right-medium:7.68%;--awb-spacing-left-medium:7.68%;--awb-width-small:100%;--awb-order-small:0;--awb-spacing-right-small:1.92%;--awb-spacing-left-small:1.92%;\"><div class=\"fusion-column-wrapper fusion-column-has-shadow fusion-flex-justify-content-flex-start fusion-content-layout-column\"><div class=\"fusion-image-element \" style=\"text-align:center;--awb-margin-bottom:16px;--awb-max-width:160px;--awb-caption-title-font-family:var(--h2_typography-font-family);--awb-caption-title-font-weight:var(--h2_typography-font-weight);--awb-caption-title-font-style:var(--h2_typography-font-style);--awb-caption-title-size:var(--h2_typography-font-size);--awb-caption-title-transform:var(--h2_typography-text-transform);--awb-caption-title-line-height:var(--h2_typography-line-height);--awb-caption-title-letter-spacing:var(--h2_typography-letter-spacing);\"><span class=\" fusion-imageframe imageframe-none imageframe-1 hover-type-none\"><img decoding=\"async\" src=\"https:\/\/sobba.pt\/wp-content\/uploads\/2024\/01\/gluten-free-1.png\" alt class=\"img-responsive\"\/><\/span><\/div><div class=\"fusion-text fusion-text-3\" style=\"--awb-content-alignment:center;\"><p>Sem gl\u00faten<\/p>\n<\/div><\/div><\/div><div class=\"fusion-layout-column fusion_builder_column_inner fusion-builder-nested-column-1 fusion_builder_column_inner_1_4 1_4 fusion-flex-column\" style=\"--awb-bg-size:cover;--awb-width-large:25%;--awb-margin-top-large:0px;--awb-spacing-right-large:7.68%;--awb-margin-bottom-large:0px;--awb-spacing-left-large:7.68%;--awb-width-medium:25%;--awb-order-medium:0;--awb-spacing-right-medium:7.68%;--awb-spacing-left-medium:7.68%;--awb-width-small:100%;--awb-order-small:0;--awb-spacing-right-small:1.92%;--awb-spacing-left-small:1.92%;\"><div class=\"fusion-column-wrapper fusion-column-has-shadow fusion-flex-justify-content-flex-start fusion-content-layout-column\"><div class=\"fusion-image-element \" style=\"text-align:center;--awb-margin-bottom:16px;--awb-max-width:160px;--awb-caption-title-font-family:var(--h2_typography-font-family);--awb-caption-title-font-weight:var(--h2_typography-font-weight);--awb-caption-title-font-style:var(--h2_typography-font-style);--awb-caption-title-size:var(--h2_typography-font-size);--awb-caption-title-transform:var(--h2_typography-text-transform);--awb-caption-title-line-height:var(--h2_typography-line-height);--awb-caption-title-letter-spacing:var(--h2_typography-letter-spacing);\"><span class=\" fusion-imageframe imageframe-none imageframe-2 hover-type-none\"><img decoding=\"async\" src=\"https:\/\/sobba.pt\/wp-content\/uploads\/2024\/01\/nuts-free-1.png\" alt class=\"img-responsive\"\/><\/span><\/div><div class=\"fusion-text fusion-text-4\" style=\"--awb-content-alignment:center;\"><p>Sem frutos secos<\/p>\n<\/div><\/div><\/div><div class=\"fusion-layout-column fusion_builder_column_inner fusion-builder-nested-column-2 fusion_builder_column_inner_1_4 1_4 fusion-flex-column\" style=\"--awb-bg-size:cover;--awb-width-large:25%;--awb-margin-top-large:0px;--awb-spacing-right-large:7.68%;--awb-margin-bottom-large:0px;--awb-spacing-left-large:7.68%;--awb-width-medium:25%;--awb-order-medium:0;--awb-spacing-right-medium:7.68%;--awb-spacing-left-medium:7.68%;--awb-width-small:100%;--awb-order-small:0;--awb-spacing-right-small:1.92%;--awb-spacing-left-small:1.92%;\"><div class=\"fusion-column-wrapper fusion-column-has-shadow fusion-flex-justify-content-flex-start fusion-content-layout-column\"><div class=\"fusion-image-element \" style=\"text-align:center;--awb-margin-bottom:16px;--awb-max-width:160px;--awb-caption-title-font-family:var(--h2_typography-font-family);--awb-caption-title-font-weight:var(--h2_typography-font-weight);--awb-caption-title-font-style:var(--h2_typography-font-style);--awb-caption-title-size:var(--h2_typography-font-size);--awb-caption-title-transform:var(--h2_typography-text-transform);--awb-caption-title-line-height:var(--h2_typography-line-height);--awb-caption-title-letter-spacing:var(--h2_typography-letter-spacing);\"><span class=\" fusion-imageframe imageframe-none imageframe-3 hover-type-none\"><img decoding=\"async\" src=\"https:\/\/sobba.pt\/wp-content\/uploads\/2024\/01\/soy-free-1.png\" alt class=\"img-responsive\"\/><\/span><\/div><div class=\"fusion-text fusion-text-5\" style=\"--awb-content-alignment:center;\"><p>Sem soja<\/p>\n<\/div><\/div><\/div><div class=\"fusion-layout-column fusion_builder_column_inner fusion-builder-nested-column-3 fusion_builder_column_inner_1_4 1_4 fusion-flex-column\" style=\"--awb-bg-size:cover;--awb-width-large:25%;--awb-margin-top-large:0px;--awb-spacing-right-large:7.68%;--awb-margin-bottom-large:0px;--awb-spacing-left-large:7.68%;--awb-width-medium:25%;--awb-order-medium:0;--awb-spacing-right-medium:7.68%;--awb-spacing-left-medium:7.68%;--awb-width-small:100%;--awb-order-small:0;--awb-spacing-right-small:1.92%;--awb-spacing-left-small:1.92%;\"><div class=\"fusion-column-wrapper fusion-column-has-shadow fusion-flex-justify-content-flex-start fusion-content-layout-column\"><div class=\"fusion-image-element \" style=\"text-align:center;--awb-margin-bottom:16px;--awb-max-width:160px;--awb-caption-title-font-family:var(--h2_typography-font-family);--awb-caption-title-font-weight:var(--h2_typography-font-weight);--awb-caption-title-font-style:var(--h2_typography-font-style);--awb-caption-title-size:var(--h2_typography-font-size);--awb-caption-title-transform:var(--h2_typography-text-transform);--awb-caption-title-line-height:var(--h2_typography-line-height);--awb-caption-title-letter-spacing:var(--h2_typography-letter-spacing);\"><span class=\" fusion-imageframe imageframe-none imageframe-4 hover-type-none\"><img decoding=\"async\" src=\"https:\/\/sobba.pt\/wp-content\/uploads\/2024\/01\/trans-fats-free-1.png\" alt class=\"img-responsive\"\/><\/span><\/div><div class=\"fusion-text fusion-text-6\" style=\"--awb-content-alignment:center;\"><p>Sem gorduras trans<\/p>\n<\/div><\/div><\/div><\/div><div class=\"fusion-separator fusion-full-width-sep\" style=\"align-self: center;margin-left: auto;margin-right: auto;margin-top:32px;width:100%;\"><div class=\"fusion-separator-border sep-single sep-solid\" style=\"--awb-height:20px;--awb-amount:20px;border-color:rgba(255,0,0,0);border-top-width:0px;\"><\/div><\/div><div class=\"accordian fusion-accordian\" style=\"margin-top:6px;margin-bottom:48px;--awb-margin-top:6px;--awb-margin-bottom:48px;--awb-padding-top:20px;--awb-padding-right:12px;--awb-padding-bottom:18px;--awb-padding-left:12px;--awb-border-size:1px;--awb-icon-size:13px;--awb-content-font-size:var(--awb-typography4-font-size);--awb-icon-alignment:right;--awb-hover-color:var(--awb-color1);--awb-border-color:var(--awb-color3);--awb-background-color:#000000;--awb-divider-color:var(--awb-color3);--awb-divider-hover-color:var(--awb-color3);--awb-icon-color:rgba(255,255,255,0);--awb-title-color:var(--awb-color8);--awb-content-color:#000000;--awb-icon-box-color:var(--awb-color8);--awb-toggle-hover-accent-color:var(--awb-color5);--awb-toggle-active-accent-color:var(--awb-color4);--awb-title-font-family:var(--awb-typography3-font-family);--awb-title-font-weight:var(--awb-typography3-font-weight);--awb-title-font-style:var(--awb-typography3-font-style);--awb-title-font-size:19px;--awb-title-letter-spacing:var(--awb-typography3-letter-spacing);--awb-title-line-height:var(--awb-typography3-line-height);--awb-content-font-family:var(--awb-typography4-font-family);--awb-content-font-weight:var(--awb-typography4-font-weight);--awb-content-font-style:var(--awb-typography4-font-style);\"><div class=\"panel-group fusion-toggle-icon-right fusion-toggle-icon-boxed\" id=\"accordion-9189-1\"><div class=\"fusion-panel panel-default panel-29db606efac0b13b6 fusion-toggle-has-divider\"><div class=\"panel-heading\"><h4 class=\"panel-title toggle\" id=\"toggle_29db606efac0b13b6\"><a aria-expanded=\"false\" aria-controls=\"29db606efac0b13b6\" role=\"button\" data-toggle=\"collapse\" data-target=\"#29db606efac0b13b6\" href=\"#29db606efac0b13b6\"><span class=\"fusion-toggle-icon-wrapper\" aria-hidden=\"true\"><i class=\"fa-fusion-box active-icon awb-vegan-storeangle-up-solid\" aria-hidden=\"true\"><\/i><i class=\"fa-fusion-box inactive-icon awb-vegan-storeangle-down-solid\" aria-hidden=\"true\"><\/i><\/span><span class=\"fusion-toggle-heading\">orienta\u00e7\u00f5es para utilizar este produto<\/span><\/a><\/h4><\/div><div id=\"29db606efac0b13b6\" class=\"panel-collapse collapse \" aria-labelledby=\"toggle_29db606efac0b13b6\"><div class=\"panel-body toggle-content fusion-clearfix\">\n<p>Proin efficitur ex ac finibus consectetur. Vivamus tincidunt ac augue id tristique. Nunc hendrerit tellus lectus in pellentesque ante congue ac. Morbi eu metus interdum bibendum libero scelerisque.<\/p>\n<\/div><\/div><\/div><div class=\"fusion-panel panel-default panel-9dbfda350a3b24c0e fusion-toggle-has-divider\"><div class=\"panel-heading\"><h4 class=\"panel-title toggle\" id=\"toggle_9dbfda350a3b24c0e\"><a aria-expanded=\"false\" aria-controls=\"9dbfda350a3b24c0e\" role=\"button\" data-toggle=\"collapse\" data-target=\"#9dbfda350a3b24c0e\" href=\"#9dbfda350a3b24c0e\"><span class=\"fusion-toggle-icon-wrapper\" aria-hidden=\"true\"><i class=\"fa-fusion-box active-icon awb-vegan-storeangle-up-solid\" aria-hidden=\"true\"><\/i><i class=\"fa-fusion-box inactive-icon awb-vegan-storeangle-down-solid\" aria-hidden=\"true\"><\/i><\/span><span class=\"fusion-toggle-heading\">lista completa de ingredientes<\/span><\/a><\/h4><\/div><div id=\"9dbfda350a3b24c0e\" class=\"panel-collapse collapse \" aria-labelledby=\"toggle_9dbfda350a3b24c0e\"><div class=\"panel-body toggle-content fusion-clearfix\">\n<p>Proin efficitur ex ac finibus consectetur. Vivamus tincidunt ac augue id tristique. Nunc hendrerit tellus lectus in pellentesque ante congue ac. Morbi eu metus interdum bibendum libero scelerisque.<\/p>\n<\/div><\/div><\/div><div class=\"fusion-panel panel-default panel-9374648cfecdf6e67 fusion-toggle-has-divider\"><div class=\"panel-heading\"><h4 class=\"panel-title toggle\" id=\"toggle_9374648cfecdf6e67\"><a aria-expanded=\"false\" aria-controls=\"9374648cfecdf6e67\" role=\"button\" data-toggle=\"collapse\" data-target=\"#9374648cfecdf6e67\" href=\"#9374648cfecdf6e67\"><span class=\"fusion-toggle-icon-wrapper\" aria-hidden=\"true\"><i class=\"fa-fusion-box active-icon awb-vegan-storeangle-up-solid\" aria-hidden=\"true\"><\/i><i class=\"fa-fusion-box inactive-icon awb-vegan-storeangle-down-solid\" aria-hidden=\"true\"><\/i><\/span><span class=\"fusion-toggle-heading\">envio, entrega e devolu\u00e7\u00f5es do produto<\/span><\/a><\/h4><\/div><div id=\"9374648cfecdf6e67\" class=\"panel-collapse collapse \" aria-labelledby=\"toggle_9374648cfecdf6e67\"><div class=\"panel-body toggle-content fusion-clearfix\">\n<p>Proin efficitur ex ac finibus consectetur. Vivamus tincidunt ac augue id tristique. Nunc hendrerit tellus lectus in pellentesque ante congue ac. Morbi eu metus interdum bibendum libero scelerisque.<\/p>\n<\/div><\/div><\/div><\/div><\/div><\/div><\/div><\/div><\/div>\n","protected":false},"excerpt":{"rendered":"<p>Sobba Original \u00e9 uma infus\u00e3o biol\u00f3gica de trigo sarraceno tart\u00e1rico torrado, com um sabor<br \/>\nrico a bolacha. Naturalmente isenta de cafe\u00edna, gl\u00faten e a\u00e7\u00facar, promove equil\u00edbrio, bem<br \/>\nestar e energia.<\/p>\n<p><strong>Ingredientes:<\/strong><br \/>\nTrigo sarraceno tart\u00e1rico biol\u00f3gico.<\/p>\n<p>50g \u2022 30 doses \u2022 5g por dose (1 dose = 3 ch\u00e1venas)<\/p>\n","protected":false},"featured_media":9524,"comment_status":"open","ping_status":"closed","template":"","meta":[],"product_brand":[],"product_cat":[141],"product_tag":[],"class_list":{"0":"post-9189","1":"product","2":"type-product","3":"status-publish","4":"has-post-thumbnail","6":"product_cat-sem-categoria","8":"first","9":"instock","10":"featured","11":"taxable","12":"shipping-taxable","13":"purchasable","14":"product-type-simple"},"yoast_head":"<!-- This site is optimized with the Yoast SEO plugin v27.0 - https:\/\/yoast.com\/product\/yoast-seo-wordpress\/ -->\n<title>Sobba Original - SOBBA<\/title>\n<meta name=\"robots\" content=\"index, follow, max-snippet:-1, max-image-preview:large, max-video-preview:-1\" \/>\n<link rel=\"canonical\" href=\"https:\/\/sobba.pt\/pt-pt\/produto\/sobba-original\/\" \/>\n<meta property=\"og:locale\" content=\"pt_PT\" \/>\n<meta property=\"og:type\" content=\"article\" \/>\n<meta property=\"og:title\" content=\"Sobba Original - SOBBA\" \/>\n<meta property=\"og:description\" content=\"Sobba Original \u00e9 uma infus\u00e3o biol\u00f3gica de trigo sarraceno tart\u00e1rico torrado, com um sabor rico a bolacha. Naturalmente isenta de cafe\u00edna, gl\u00faten e a\u00e7\u00facar, promove equil\u00edbrio, bem estar e energia.  Ingredientes: Trigo sarraceno tart\u00e1rico biol\u00f3gico.  50g \u2022 30 doses \u2022 5g por dose (1 dose = 3 ch\u00e1venas)\" \/>\n<meta property=\"og:url\" content=\"https:\/\/sobba.pt\/pt-pt\/produto\/sobba-original\/\" \/>\n<meta property=\"og:site_name\" content=\"SOBBA\" \/>\n<meta property=\"article:publisher\" content=\"https:\/\/www.facebook.com\/sobba.pt\" \/>\n<meta property=\"article:modified_time\" content=\"2026-04-17T09:27:42+00:00\" \/>\n<meta property=\"og:image\" content=\"https:\/\/sobba.pt\/wp-content\/uploads\/2025\/10\/Original_1000x1000.png\" \/>\n\t<meta property=\"og:image:width\" content=\"1000\" \/>\n\t<meta property=\"og:image:height\" content=\"1000\" \/>\n\t<meta property=\"og:image:type\" content=\"image\/png\" \/>\n<meta name=\"twitter:card\" content=\"summary_large_image\" \/>\n<meta name=\"twitter:label1\" content=\"Tempo estimado de leitura\" \/>\n\t<meta name=\"twitter:data1\" content=\"3 minutos\" \/>\n<script type=\"application\/ld+json\" class=\"yoast-schema-graph\">{\"@context\":\"https:\/\/schema.org\",\"@graph\":[{\"@type\":\"WebPage\",\"@id\":\"https:\/\/sobba.pt\/pt-pt\/produto\/sobba-original\/\",\"url\":\"https:\/\/sobba.pt\/pt-pt\/produto\/sobba-original\/\",\"name\":\"Sobba Original - SOBBA\",\"isPartOf\":{\"@id\":\"https:\/\/sobba.pt\/#website\"},\"primaryImageOfPage\":{\"@id\":\"https:\/\/sobba.pt\/pt-pt\/produto\/sobba-original\/#primaryimage\"},\"image\":{\"@id\":\"https:\/\/sobba.pt\/pt-pt\/produto\/sobba-original\/#primaryimage\"},\"thumbnailUrl\":\"https:\/\/sobba.pt\/wp-content\/uploads\/2025\/10\/Original_1000x1000.png\",\"datePublished\":\"2025-08-22T10:46:41+00:00\",\"dateModified\":\"2026-04-17T09:27:42+00:00\",\"breadcrumb\":{\"@id\":\"https:\/\/sobba.pt\/pt-pt\/produto\/sobba-original\/#breadcrumb\"},\"inLanguage\":\"pt-PT\",\"potentialAction\":[{\"@type\":\"ReadAction\",\"target\":[\"https:\/\/sobba.pt\/pt-pt\/produto\/sobba-original\/\"]}]},{\"@type\":\"ImageObject\",\"inLanguage\":\"pt-PT\",\"@id\":\"https:\/\/sobba.pt\/pt-pt\/produto\/sobba-original\/#primaryimage\",\"url\":\"https:\/\/sobba.pt\/wp-content\/uploads\/2025\/10\/Original_1000x1000.png\",\"contentUrl\":\"https:\/\/sobba.pt\/wp-content\/uploads\/2025\/10\/Original_1000x1000.png\",\"width\":1000,\"height\":1000},{\"@type\":\"BreadcrumbList\",\"@id\":\"https:\/\/sobba.pt\/pt-pt\/produto\/sobba-original\/#breadcrumb\",\"itemListElement\":[{\"@type\":\"ListItem\",\"position\":1,\"name\":\"Home\",\"item\":\"https:\/\/sobba.pt\/pt-pt\/\"},{\"@type\":\"ListItem\",\"position\":2,\"name\":\"Loja\",\"item\":\"https:\/\/sobba.pt\/pt-pt\/loja\/\"},{\"@type\":\"ListItem\",\"position\":3,\"name\":\"Sobba Original\"}]},{\"@type\":\"WebSite\",\"@id\":\"https:\/\/sobba.pt\/#website\",\"url\":\"https:\/\/sobba.pt\/\",\"name\":\"SOBBA\",\"description\":\"Tiny grains, big benefits!\",\"publisher\":{\"@id\":\"https:\/\/sobba.pt\/#organization\"},\"potentialAction\":[{\"@type\":\"SearchAction\",\"target\":{\"@type\":\"EntryPoint\",\"urlTemplate\":\"https:\/\/sobba.pt\/?s={search_term_string}\"},\"query-input\":{\"@type\":\"PropertyValueSpecification\",\"valueRequired\":true,\"valueName\":\"search_term_string\"}}],\"inLanguage\":\"pt-PT\"},{\"@type\":\"Organization\",\"@id\":\"https:\/\/sobba.pt\/#organization\",\"name\":\"SOBBA\",\"url\":\"https:\/\/sobba.pt\/\",\"logo\":{\"@type\":\"ImageObject\",\"inLanguage\":\"pt-PT\",\"@id\":\"https:\/\/sobba.pt\/#\/schema\/logo\/image\/\",\"url\":\"https:\/\/sobba.pt\/wp-content\/uploads\/2025\/07\/final-FINALISSIMO-scaled.png\",\"contentUrl\":\"https:\/\/sobba.pt\/wp-content\/uploads\/2025\/07\/final-FINALISSIMO-scaled.png\",\"width\":2560,\"height\":534,\"caption\":\"SOBBA\"},\"image\":{\"@id\":\"https:\/\/sobba.pt\/#\/schema\/logo\/image\/\"},\"sameAs\":[\"https:\/\/www.facebook.com\/sobba.pt\",\"https:\/\/www.instagram.com\/sobba.pt\/\",\"https:\/\/www.linkedin.com\/company\/sobba-infusions\/?originalSubdomain=pt\"]}]}<\/script>\n<!-- \/ Yoast SEO plugin. -->","yoast_head_json":{"title":"Sobba Original - SOBBA","robots":{"index":"index","follow":"follow","max-snippet":"max-snippet:-1","max-image-preview":"max-image-preview:large","max-video-preview":"max-video-preview:-1"},"canonical":"https:\/\/sobba.pt\/pt-pt\/produto\/sobba-original\/","og_locale":"pt_PT","og_type":"article","og_title":"Sobba Original - SOBBA","og_description":"Sobba Original \u00e9 uma infus\u00e3o biol\u00f3gica de trigo sarraceno tart\u00e1rico torrado, com um sabor rico a bolacha. Naturalmente isenta de cafe\u00edna, gl\u00faten e a\u00e7\u00facar, promove equil\u00edbrio, bem estar e energia.  Ingredientes: Trigo sarraceno tart\u00e1rico biol\u00f3gico.  50g \u2022 30 doses \u2022 5g por dose (1 dose = 3 ch\u00e1venas)","og_url":"https:\/\/sobba.pt\/pt-pt\/produto\/sobba-original\/","og_site_name":"SOBBA","article_publisher":"https:\/\/www.facebook.com\/sobba.pt","article_modified_time":"2026-04-17T09:27:42+00:00","og_image":[{"width":1000,"height":1000,"url":"https:\/\/sobba.pt\/wp-content\/uploads\/2025\/10\/Original_1000x1000.png","type":"image\/png"}],"twitter_card":"summary_large_image","twitter_misc":{"Tempo estimado de leitura":"3 minutos"},"schema":{"@context":"https:\/\/schema.org","@graph":[{"@type":"WebPage","@id":"https:\/\/sobba.pt\/pt-pt\/produto\/sobba-original\/","url":"https:\/\/sobba.pt\/pt-pt\/produto\/sobba-original\/","name":"Sobba Original - SOBBA","isPartOf":{"@id":"https:\/\/sobba.pt\/#website"},"primaryImageOfPage":{"@id":"https:\/\/sobba.pt\/pt-pt\/produto\/sobba-original\/#primaryimage"},"image":{"@id":"https:\/\/sobba.pt\/pt-pt\/produto\/sobba-original\/#primaryimage"},"thumbnailUrl":"https:\/\/sobba.pt\/wp-content\/uploads\/2025\/10\/Original_1000x1000.png","datePublished":"2025-08-22T10:46:41+00:00","dateModified":"2026-04-17T09:27:42+00:00","breadcrumb":{"@id":"https:\/\/sobba.pt\/pt-pt\/produto\/sobba-original\/#breadcrumb"},"inLanguage":"pt-PT","potentialAction":[{"@type":"ReadAction","target":["https:\/\/sobba.pt\/pt-pt\/produto\/sobba-original\/"]}]},{"@type":"ImageObject","inLanguage":"pt-PT","@id":"https:\/\/sobba.pt\/pt-pt\/produto\/sobba-original\/#primaryimage","url":"https:\/\/sobba.pt\/wp-content\/uploads\/2025\/10\/Original_1000x1000.png","contentUrl":"https:\/\/sobba.pt\/wp-content\/uploads\/2025\/10\/Original_1000x1000.png","width":1000,"height":1000},{"@type":"BreadcrumbList","@id":"https:\/\/sobba.pt\/pt-pt\/produto\/sobba-original\/#breadcrumb","itemListElement":[{"@type":"ListItem","position":1,"name":"Home","item":"https:\/\/sobba.pt\/pt-pt\/"},{"@type":"ListItem","position":2,"name":"Loja","item":"https:\/\/sobba.pt\/pt-pt\/loja\/"},{"@type":"ListItem","position":3,"name":"Sobba Original"}]},{"@type":"WebSite","@id":"https:\/\/sobba.pt\/#website","url":"https:\/\/sobba.pt\/","name":"SOBBA","description":"Tiny grains, big benefits!","publisher":{"@id":"https:\/\/sobba.pt\/#organization"},"potentialAction":[{"@type":"SearchAction","target":{"@type":"EntryPoint","urlTemplate":"https:\/\/sobba.pt\/?s={search_term_string}"},"query-input":{"@type":"PropertyValueSpecification","valueRequired":true,"valueName":"search_term_string"}}],"inLanguage":"pt-PT"},{"@type":"Organization","@id":"https:\/\/sobba.pt\/#organization","name":"SOBBA","url":"https:\/\/sobba.pt\/","logo":{"@type":"ImageObject","inLanguage":"pt-PT","@id":"https:\/\/sobba.pt\/#\/schema\/logo\/image\/","url":"https:\/\/sobba.pt\/wp-content\/uploads\/2025\/07\/final-FINALISSIMO-scaled.png","contentUrl":"https:\/\/sobba.pt\/wp-content\/uploads\/2025\/07\/final-FINALISSIMO-scaled.png","width":2560,"height":534,"caption":"SOBBA"},"image":{"@id":"https:\/\/sobba.pt\/#\/schema\/logo\/image\/"},"sameAs":["https:\/\/www.facebook.com\/sobba.pt","https:\/\/www.instagram.com\/sobba.pt\/","https:\/\/www.linkedin.com\/company\/sobba-infusions\/?originalSubdomain=pt"]}]}},"_links":{"self":[{"href":"https:\/\/sobba.pt\/pt-pt\/wp-json\/wp\/v2\/product\/9189","targetHints":{"allow":["GET"]}}],"collection":[{"href":"https:\/\/sobba.pt\/pt-pt\/wp-json\/wp\/v2\/product"}],"about":[{"href":"https:\/\/sobba.pt\/pt-pt\/wp-json\/wp\/v2\/types\/product"}],"replies":[{"embeddable":true,"href":"https:\/\/sobba.pt\/pt-pt\/wp-json\/wp\/v2\/comments?post=9189"}],"wp:featuredmedia":[{"embeddable":true,"href":"https:\/\/sobba.pt\/pt-pt\/wp-json\/wp\/v2\/media\/9524"}],"wp:attachment":[{"href":"https:\/\/sobba.pt\/pt-pt\/wp-json\/wp\/v2\/media?parent=9189"}],"wp:term":[{"taxonomy":"product_brand","embeddable":true,"href":"https:\/\/sobba.pt\/pt-pt\/wp-json\/wp\/v2\/product_brand?post=9189"},{"taxonomy":"product_cat","embeddable":true,"href":"https:\/\/sobba.pt\/pt-pt\/wp-json\/wp\/v2\/product_cat?post=9189"},{"taxonomy":"product_tag","embeddable":true,"href":"https:\/\/sobba.pt\/pt-pt\/wp-json\/wp\/v2\/product_tag?post=9189"}],"curies":[{"name":"wp","href":"https:\/\/api.w.org\/{rel}","templated":true}]}}